{"id":1187,"date":"2016-05-11T03:10:19","date_gmt":"2016-05-11T00:10:19","guid":{"rendered":"http:\/\/yalin.aydinbilgi.com.tr\/en\/?page_id=1187"},"modified":"2016-06-04T23:48:16","modified_gmt":"2016-06-04T20:48:16","slug":"sales","status":"publish","type":"page","link":"https:\/\/yalinotomotiv.com\/en\/our-services\/sales\/","title":{"rendered":"Sales"},"content":{"rendered":"<div id=\"pl-1187\"  class=\"panel-layout\" ><div id=\"pg-1187-0\"  class=\"panel-grid panel-no-style\" ><div id=\"pgc-1187-0-0\"  class=\"panel-grid-cell\" ><div id=\"panel-1187-0-0-0\" class=\"so-panel widget widget_sow-editor panel-first-child panel-last-child\" data-index=\"0\" ><div class=\"so-widget-sow-editor so-widget-sow-editor-base\">\n<div class=\"siteorigin-widget-tinymce textwidget\">\n\t<p>The products produced according to customer requests , are measured with the control device and the customer are delivered seamlessly . After selling all kinds of products related to the issue that we continue to stay in touch with our customers.<\/p>\n<\/div>\n<\/div><\/div><\/div><div id=\"pgc-1187-0-1\"  class=\"panel-grid-cell\" ><div id=\"panel-1187-0-1-0\" class=\"so-panel widget widget_sow-editor panel-first-child panel-last-child\" data-index=\"1\" ><div class=\"so-widget-sow-editor so-widget-sow-editor-base\">\n<div class=\"siteorigin-widget-tinymce textwidget\">\n\t<p><img decoding=\"async\" loading=\"lazy\" class=\"aligncenter wp-image-1315 size-full\" src=\"http:\/\/yalinotomotiv.com\/wp-content\/uploads\/2016\/05\/satis-yeni.jpg\" alt=\"yal\u0131n otomotiv sat\u0131\u015f\" width=\"840\" height=\"420\" srcset=\"https:\/\/yalinotomotiv.com\/wp-content\/uploads\/2016\/05\/satis-yeni.jpg 840w, https:\/\/yalinotomotiv.com\/wp-content\/uploads\/2016\/05\/satis-yeni-300x150.jpg 300w, https:\/\/yalinotomotiv.com\/wp-content\/uploads\/2016\/05\/satis-yeni-768x384.jpg 768w, https:\/\/yalinotomotiv.com\/wp-content\/uploads\/2016\/05\/satis-yeni-540x270.jpg 540w\" sizes=\"(max-width: 840px) 100vw, 840px\" \/><\/p>\n<\/div>\n<\/div><\/div><\/div><\/div><\/div>","protected":false},"excerpt":{"rendered":"<p>The products produced according to customer requests , are measured with the control device and the customer are delivered seamlessly . After selling all kinds of products related to the issue that we continue to stay in touch with our customers.<\/p>\n","protected":false},"author":1,"featured_media":1315,"parent":1181,"menu_order":0,"comment_status":"closed","ping_status":"closed","template":"","meta":[],"acf":[],"_links":{"self":[{"href":"https:\/\/yalinotomotiv.com\/en\/wp-json\/wp\/v2\/pages\/1187"}],"collection":[{"href":"https:\/\/yalinotomotiv.com\/en\/wp-json\/wp\/v2\/pages"}],"about":[{"href":"https:\/\/yalinotomotiv.com\/en\/wp-json\/wp\/v2\/types\/page"}],"author":[{"embeddable":true,"href":"https:\/\/yalinotomotiv.com\/en\/wp-json\/wp\/v2\/users\/1"}],"replies":[{"embeddable":true,"href":"https:\/\/yalinotomotiv.com\/en\/wp-json\/wp\/v2\/comments?post=1187"}],"version-history":[{"count":6,"href":"https:\/\/yalinotomotiv.com\/en\/wp-json\/wp\/v2\/pages\/1187\/revisions"}],"predecessor-version":[{"id":1319,"href":"https:\/\/yalinotomotiv.com\/en\/wp-json\/wp\/v2\/pages\/1187\/revisions\/1319"}],"up":[{"embeddable":true,"href":"https:\/\/yalinotomotiv.com\/en\/wp-json\/wp\/v2\/pages\/1181"}],"wp:featuredmedia":[{"embeddable":true,"href":"https:\/\/yalinotomotiv.com\/en\/wp-json\/wp\/v2\/media\/1315"}],"wp:attachment":[{"href":"https:\/\/yalinotomotiv.com\/en\/wp-json\/wp\/v2\/media?parent=1187"}],"curies":[{"name":"wp","href":"https:\/\/api.w.org\/{rel}","templated":true}]}}