{"id":1168,"date":"2016-05-11T02:24:31","date_gmt":"2016-05-10T23:24:31","guid":{"rendered":"http:\/\/yalin.aydinbilgi.com.tr\/en\/?page_id=1168"},"modified":"2023-12-07T16:25:26","modified_gmt":"2023-12-07T13:25:26","slug":"contact-us","status":"publish","type":"page","link":"https:\/\/yalinotomotiv.com\/en\/contact-us\/","title":{"rendered":"Contact Us"},"content":{"rendered":"<div id=\"pl-1168\"  class=\"panel-layout\" ><div id=\"pg-1168-0\"  class=\"panel-grid panel-no-style\" ><div id=\"pgc-1168-0-0\"  class=\"panel-grid-cell\" ><div id=\"panel-1168-0-0-0\" class=\"so-panel widget widget_sow-google-map panel-first-child panel-last-child\" data-index=\"0\" ><div class=\"so-widget-sow-google-map so-widget-sow-google-map-base\">\n<div class=\"sow-google-map-canvas\"\n     style=\"height:480px;\"\n     id=\"map-canvas-b801677a2d56a554fd83718c4724a42a\"\n     data-options=\"{&quot;address&quot;:&quot;Minareli \\u00c7avu\\u015f Mahallesi Mete Sokak No:33 16140 Nil\\u00fcfer\\\/Bursa&quot;,&quot;zoom&quot;:16,&quot;scrollZoom&quot;:false,&quot;draggable&quot;:true,&quot;disableUi&quot;:false,&quot;keepCentered&quot;:false,&quot;markerIcon&quot;:&quot;&quot;,&quot;markersDraggable&quot;:false,&quot;markerAtCenter&quot;:true,&quot;markerInfoDisplay&quot;:&quot;click&quot;,&quot;markerInfoMultiple&quot;:true,&quot;markerPositions&quot;:&quot;&quot;,&quot;mapName&quot;:&quot;Custom Map&quot;,&quot;mapStyles&quot;:[{&quot;featureType&quot;:&quot;water&quot;,&quot;elementType&quot;:&quot;geometry&quot;,&quot;stylers&quot;:[{&quot;color&quot;:&quot;#e9e9e9&quot;},{&quot;lightness&quot;:17}]},{&quot;featureType&quot;:&quot;landscape&quot;,&quot;elementType&quot;:&quot;geometry&quot;,&quot;stylers&quot;:[{&quot;color&quot;:&quot;#f5f5f5&quot;},{&quot;lightness&quot;:20}]},{&quot;featureType&quot;:&quot;road.highway&quot;,&quot;elementType&quot;:&quot;geometry.fill&quot;,&quot;stylers&quot;:[{&quot;color&quot;:&quot;#ffffff&quot;},{&quot;lightness&quot;:17}]},{&quot;featureType&quot;:&quot;road.highway&quot;,&quot;elementType&quot;:&quot;geometry.stroke&quot;,&quot;stylers&quot;:[{&quot;color&quot;:&quot;#ffffff&quot;},{&quot;lightness&quot;:29},{&quot;weight&quot;:0.2}]},{&quot;featureType&quot;:&quot;road.arterial&quot;,&quot;elementType&quot;:&quot;geometry&quot;,&quot;stylers&quot;:[{&quot;color&quot;:&quot;#ffffff&quot;},{&quot;lightness&quot;:18}]},{&quot;featureType&quot;:&quot;road.local&quot;,&quot;elementType&quot;:&quot;geometry&quot;,&quot;stylers&quot;:[{&quot;color&quot;:&quot;#ffffff&quot;},{&quot;lightness&quot;:16}]},{&quot;featureType&quot;:&quot;poi&quot;,&quot;elementType&quot;:&quot;geometry&quot;,&quot;stylers&quot;:[{&quot;color&quot;:&quot;#f5f5f5&quot;},{&quot;lightness&quot;:21}]},{&quot;featureType&quot;:&quot;poi.park&quot;,&quot;elementType&quot;:&quot;geometry&quot;,&quot;stylers&quot;:[{&quot;color&quot;:&quot;#dedede&quot;},{&quot;lightness&quot;:21}]},{&quot;elementType&quot;:&quot;labels.text.stroke&quot;,&quot;stylers&quot;:[{&quot;visibility&quot;:&quot;on&quot;},{&quot;color&quot;:&quot;#ffffff&quot;},{&quot;lightness&quot;:16}]},{&quot;elementType&quot;:&quot;labels.text.fill&quot;,&quot;stylers&quot;:[{&quot;saturation&quot;:36},{&quot;color&quot;:&quot;#333333&quot;},{&quot;lightness&quot;:40}]},{&quot;elementType&quot;:&quot;labels.icon&quot;,&quot;stylers&quot;:[{&quot;visibility&quot;:&quot;off&quot;}]},{&quot;featureType&quot;:&quot;transit&quot;,&quot;elementType&quot;:&quot;geometry&quot;,&quot;stylers&quot;:[{&quot;color&quot;:&quot;#f2f2f2&quot;},{&quot;lightness&quot;:19}]},{&quot;featureType&quot;:&quot;administrative&quot;,&quot;elementType&quot;:&quot;geometry.fill&quot;,&quot;stylers&quot;:[{&quot;color&quot;:&quot;#fefefe&quot;},{&quot;lightness&quot;:20}]},{&quot;featureType&quot;:&quot;administrative&quot;,&quot;elementType&quot;:&quot;geometry.stroke&quot;,&quot;stylers&quot;:[{&quot;color&quot;:&quot;#fefefe&quot;},{&quot;lightness&quot;:17},{&quot;weight&quot;:1.2}]}],&quot;directions&quot;:&quot;&quot;,&quot;apiKey&quot;:&quot;576639284092&quot;}\"\n     data-fallback-image=\"{&quot;img&quot;:&quot;&quot;}\"><\/div>\n<\/div><\/div><\/div><\/div><div id=\"pg-1168-1\"  class=\"panel-grid panel-no-style\" ><div id=\"pgc-1168-1-0\"  class=\"panel-grid-cell\" ><div id=\"panel-1168-1-0-0\" class=\"so-panel widget widget_pw_contact_profile widget-contact-profile panel-first-child panel-last-child\" data-index=\"1\" >\t\t\t\t<div class=\"card  contact-profile\">\n\t\t\t\t\t\t\t\t\t\t\t<img class=\"contact-profile__image  wp-post-image\" src=\"https:\/\/yalinotomotiv.com\/wp-content\/uploads\/2016\/04\/footer-logo.png\" alt=\"Picture of \">\n\t\t\t\t\t\t\t\t\t\t<div class=\"card-block  contact-profile__container\">\n\t\t\t\t\t\t\t\t\t\t\t\t\t<div class=\"contact-profile__social-icons\">\n\t\t\t\t\t\t\t\t\t\t\t\t\t\t\t\t\t<a class=\"contact-profile__social-icon\" href=\"https:\/\/www.facebook.com\/\" target=\"_blank\"><i class=\"fa  fa-facebook-square\"><\/i><\/a>\n\t\t\t\t\t\t\t\t\t\t\t\t\t\t\t\t\t<a class=\"contact-profile__social-icon\" href=\"https:\/\/twitter.com\/\" target=\"_blank\"><i class=\"fa  fa-twitter-square\"><\/i><\/a>\n\t\t\t\t\t\t\t\t\t\t\t\t\t\t\t\t\t<a class=\"contact-profile__social-icon\" href=\"https:\/\/plus.google.com\/109417512750590780423\/about\" target=\"_blank\"><i class=\"fa  fa-google-plus-square\"><\/i><\/a>\n\t\t\t\t\t\t\t\t\t\t\t\t\t\t\t<\/div>\n\t\t\t\t\t\t\t\t\t\t\t\t\t\t\t\t\t\t\t<div class=\"contact-profile__items\">\n\t\t\t\t\t\t\t\t\t\t\t\t\t\t\t\t\t<div class=\"contact-profile__item\">\n\t\t\t\t\t\t\t\t\t\t<div class=\"contact-profile__icon\">\n\t\t\t\t\t\t\t\t\t\t\t<i class=\"fa  fa-map-marker\"><\/i>\n\t\t\t\t\t\t\t\t\t\t<\/div>\n\t\t\t\t\t\t\t\t\t\t<p class=\"contact-profile__text\">\n\t\t\t\t\t\t\t\t\t\t\tMinareli \u00c7avu\u015f Mete Sk. No:33, 16140  <br> Nil\u00fcfer <br> BURSA\t\t\t\t\t\t\t\t\t\t<\/p>\n\t\t\t\t\t\t\t\t\t<\/div>\n\t\t\t\t\t\t\t\t\t\t\t\t\t\t\t\t\t<div class=\"contact-profile__item\">\n\t\t\t\t\t\t\t\t\t\t<div class=\"contact-profile__icon\">\n\t\t\t\t\t\t\t\t\t\t\t<i class=\"fa  fa-phone\"><\/i>\n\t\t\t\t\t\t\t\t\t\t<\/div>\n\t\t\t\t\t\t\t\t\t\t<p class=\"contact-profile__text\">\n\t\t\t\t\t\t\t\t\t\t\t+90 (224) 241 2536\t\t\t\t\t\t\t\t\t\t<\/p>\n\t\t\t\t\t\t\t\t\t<\/div>\n\t\t\t\t\t\t\t\t\t\t\t\t\t\t\t\t\t<div class=\"contact-profile__item\">\n\t\t\t\t\t\t\t\t\t\t<div class=\"contact-profile__icon\">\n\t\t\t\t\t\t\t\t\t\t\t<i class=\"fa  fa-fax\"><\/i>\n\t\t\t\t\t\t\t\t\t\t<\/div>\n\t\t\t\t\t\t\t\t\t\t<p class=\"contact-profile__text\">\n\t\t\t\t\t\t\t\t\t\t\t+90 (224) 241 2537\t\t\t\t\t\t\t\t\t\t<\/p>\n\t\t\t\t\t\t\t\t\t<\/div>\n\t\t\t\t\t\t\t\t\t\t\t\t\t\t\t\t\t<div class=\"contact-profile__item\">\n\t\t\t\t\t\t\t\t\t\t<div class=\"contact-profile__icon\">\n\t\t\t\t\t\t\t\t\t\t\t<i class=\"fa  fa-envelope\"><\/i>\n\t\t\t\t\t\t\t\t\t\t<\/div>\n\t\t\t\t\t\t\t\t\t\t<p class=\"contact-profile__text\">\n\t\t\t\t\t\t\t\t\t\t\tbilgi@yalinotomotiv.com\t\t\t\t\t\t\t\t\t\t<\/p>\n\t\t\t\t\t\t\t\t\t<\/div>\n\t\t\t\t\t\t\t\t\t\t\t\t\t\t\t\t\t<div class=\"contact-profile__item\">\n\t\t\t\t\t\t\t\t\t\t<div class=\"contact-profile__icon\">\n\t\t\t\t\t\t\t\t\t\t\t<i class=\"fa  fa-compass\"><\/i>\n\t\t\t\t\t\t\t\t\t\t<\/div>\n\t\t\t\t\t\t\t\t\t\t<p class=\"contact-profile__text\">\n\t\t\t\t\t\t\t\t\t\t\twww.yalinotomotiv.com\t\t\t\t\t\t\t\t\t\t<\/p>\n\t\t\t\t\t\t\t\t\t<\/div>\n\t\t\t\t\t\t\t\t\t\t\t\t\t\t\t<\/div>\n\t\t\t\t\t\t\t\t\t\t\t\t<div class=\"contact-profile__content\">\n\t\t\t\t\t\t\t\t\t\t\t\t\t<\/div>\n\t\t\t\t\t<\/div>\n\t\t\t\t<\/div>\n\n\t\t\t<\/div><\/div><div id=\"pgc-1168-1-1\"  class=\"panel-grid-cell\" ><div id=\"panel-1168-1-1-0\" class=\"so-panel widget widget_text panel-first-child\" data-index=\"2\" >\t\t\t<div class=\"textwidget\">Yal\u0131n Oto, aims to respond to your complaints as soon as possible according to ISO 10002: 2014 Customer Complaints Management Standard. You can transfer your complaints and pleasures with the mail, phone, fax and contact form  stated on this page .<\/div>\n\t\t<\/div><div id=\"panel-1168-1-1-1\" class=\"so-panel widget widget_text panel-last-child\" data-index=\"3\" ><h3 class=\"widget-title\"><span class=\"widget-title__inline\">Contact Form<\/span><\/h3>\t\t\t<div class=\"textwidget\">\n<div class=\"wpcf7 no-js\" id=\"wpcf7-f1174-o1\" lang=\"tr-TR\" dir=\"ltr\">\n<div class=\"screen-reader-response\"><p role=\"status\" aria-live=\"polite\" aria-atomic=\"true\"><\/p> <ul><\/ul><\/div>\n<form action=\"\/en\/wp-json\/wp\/v2\/pages\/1168#wpcf7-f1174-o1\" method=\"post\" class=\"wpcf7-form init\" aria-label=\"Contact form\" novalidate=\"novalidate\" data-status=\"init\">\n<div style=\"display: none;\">\n<input type=\"hidden\" name=\"_wpcf7\" value=\"1174\" \/>\n<input type=\"hidden\" name=\"_wpcf7_version\" value=\"5.7.6\" \/>\n<input type=\"hidden\" name=\"_wpcf7_locale\" value=\"tr_TR\" \/>\n<input type=\"hidden\" name=\"_wpcf7_unit_tag\" value=\"wpcf7-f1174-o1\" \/>\n<input type=\"hidden\" name=\"_wpcf7_container_post\" value=\"0\" \/>\n<input type=\"hidden\" name=\"_wpcf7_posted_data_hash\" value=\"\" \/>\n<\/div>\n<p>Name - Surname (required)\n<\/p>\n<p><span class=\"wpcf7-form-control-wrap\" data-name=\"your-name\"><input size=\"40\" class=\"wpcf7-form-control wpcf7-text wpcf7-validates-as-required\" aria-required=\"true\" aria-invalid=\"false\" value=\"\" type=\"text\" name=\"your-name\" \/><\/span>\n<\/p>\n<p>Company Name\n<\/p>\n<p><span class=\"wpcf7-form-control-wrap\" data-name=\"company\"><input size=\"40\" class=\"wpcf7-form-control wpcf7-text\" aria-invalid=\"false\" value=\"\" type=\"text\" name=\"company\" \/><\/span>\n<\/p>\n<p>Phone (required)\n<\/p>\n<p><span class=\"wpcf7-form-control-wrap\" data-name=\"tel-18\"><input size=\"40\" class=\"wpcf7-form-control wpcf7-text wpcf7-tel wpcf7-validates-as-required wpcf7-validates-as-tel\" aria-required=\"true\" aria-invalid=\"false\" value=\"\" type=\"tel\" name=\"tel-18\" \/><\/span>\n<\/p>\n<p>E-Mail (required)\n<\/p>\n<p><span class=\"wpcf7-form-control-wrap\" data-name=\"your-email\"><input size=\"40\" class=\"wpcf7-form-control wpcf7-text wpcf7-email wpcf7-validates-as-required wpcf7-validates-as-email\" aria-required=\"true\" aria-invalid=\"false\" value=\"\" type=\"email\" name=\"your-email\" \/><\/span>\n<\/p>\n<p>Subject\n<\/p>\n<p><span class=\"wpcf7-form-control-wrap\" data-name=\"your-subject\"><input size=\"40\" class=\"wpcf7-form-control wpcf7-text\" aria-invalid=\"false\" value=\"\" type=\"text\" name=\"your-subject\" \/><\/span>\n<\/p>\n<p>Message\n<\/p>\n<p><span class=\"wpcf7-form-control-wrap\" data-name=\"your-message\"><textarea cols=\"40\" rows=\"10\" class=\"wpcf7-form-control wpcf7-textarea\" aria-invalid=\"false\" name=\"your-message\"><\/textarea><\/span>\n<\/p>\n<p><input class=\"wpcf7-form-control has-spinner wpcf7-submit\" type=\"submit\" value=\"Send\" \/>\n<\/p><div class=\"wpcf7-response-output\" aria-hidden=\"true\"><\/div>\n<\/form>\n<\/div>\n<\/div>\n\t\t<\/div><\/div><\/div><\/div>","protected":false},"excerpt":{"rendered":"<p>Yal\u0131n Oto, aims to respond to your complaints as soon as possible according to ISO 10002: 2014 Customer Complaints Management Standard. You can transfer your complaints and pleasures with the mail, phone, fax and contact form stated on this page .<\/p>\n","protected":false},"author":1,"featured_media":0,"parent":0,"menu_order":0,"comment_status":"closed","ping_status":"closed","template":"","meta":[],"acf":[],"_links":{"self":[{"href":"https:\/\/yalinotomotiv.com\/en\/wp-json\/wp\/v2\/pages\/1168"}],"collection":[{"href":"https:\/\/yalinotomotiv.com\/en\/wp-json\/wp\/v2\/pages"}],"about":[{"href":"https:\/\/yalinotomotiv.com\/en\/wp-json\/wp\/v2\/types\/page"}],"author":[{"embeddable":true,"href":"https:\/\/yalinotomotiv.com\/en\/wp-json\/wp\/v2\/users\/1"}],"replies":[{"embeddable":true,"href":"https:\/\/yalinotomotiv.com\/en\/wp-json\/wp\/v2\/comments?post=1168"}],"version-history":[{"count":11,"href":"https:\/\/yalinotomotiv.com\/en\/wp-json\/wp\/v2\/pages\/1168\/revisions"}],"predecessor-version":[{"id":1535,"href":"https:\/\/yalinotomotiv.com\/en\/wp-json\/wp\/v2\/pages\/1168\/revisions\/1535"}],"wp:attachment":[{"href":"https:\/\/yalinotomotiv.com\/en\/wp-json\/wp\/v2\/media?parent=1168"}],"curies":[{"name":"wp","href":"https:\/\/api.w.org\/{rel}","templated":true}]}}