{"id":1150,"date":"2016-05-10T14:29:49","date_gmt":"2016-05-10T11:29:49","guid":{"rendered":"http:\/\/yalin.aydinbilgi.com.tr\/en\/?page_id=1150"},"modified":"2021-02-11T23:46:35","modified_gmt":"2021-02-11T20:46:35","slug":"about-us","status":"publish","type":"page","link":"https:\/\/yalinotomotiv.com\/en\/about-us\/","title":{"rendered":"About Us"},"content":{"rendered":"<div id=\"pl-1150\"  class=\"panel-layout\" ><div id=\"pg-1150-0\"  class=\"panel-grid panel-no-style\" ><div id=\"pgc-1150-0-0\"  class=\"panel-grid-cell\" ><div id=\"panel-1150-0-0-0\" class=\"so-panel widget widget_text panel-first-child panel-last-child\" data-index=\"0\" ><h3 class=\"widget-title\"><span class=\"widget-title__inline\">Our History<\/span><\/h3>\t\t\t<div class=\"textwidget\">YALIN OTO YAN SAN. T\u0130C. LTD. \u015eT\u0130., providing support to primarily the automotive industry, and  other industries with concept of expert technical staff and understanding of superior quality, continuous, and  as an institution that aims to provide quality service  since 2007.\n<br \/> <br \/>\nOur company is mostly manufacturing of  automotive supply industry. Works with all of the products of metal industry also that satisfy the needs all of the machining and cold forming in the other sectors.<br \/> <br \/>\nOur company has expert technical engineering staff about of all types materials the particularly stainless steel in the during  machining.In addition, our company is working with technical knowledge and talented staff in the process of welding, sheet-forming and montage.<br \/> <br \/>\nOur company, producing the product according to the present process rather than has adopted the philosophy of setting up and managing process according to the by product. Our competent staff aimed to produce the highest quality product at the lowest cost for process to establish the requested product with their work. We have accomplished this in our existing ERP supported processes.\n<\/div>\n\t\t<\/div><\/div><div id=\"pgc-1150-0-1\"  class=\"panel-grid-cell\" ><div id=\"panel-1150-0-1-0\" class=\"so-panel widget widget_sow-editor panel-first-child panel-last-child\" data-index=\"1\" ><div class=\"so-widget-sow-editor so-widget-sow-editor-base\">\n<div class=\"siteorigin-widget-tinymce textwidget\">\n\t<h4><a href=\"http:\/\/yalinotomotiv.com\/wp-content\/uploads\/2016\/05\/vizyon.jpg\"><img decoding=\"async\" loading=\"lazy\" class=\"size-medium wp-image-1250 alignleft\" src=\"http:\/\/yalinotomotiv.com\/wp-content\/uploads\/2016\/05\/vizyon-300x150.jpg\" alt=\"yal\u0131n otomotiv\" width=\"300\" height=\"150\" srcset=\"https:\/\/yalinotomotiv.com\/wp-content\/uploads\/2016\/05\/vizyon-300x150.jpg 300w, https:\/\/yalinotomotiv.com\/wp-content\/uploads\/2016\/05\/vizyon-768x384.jpg 768w, https:\/\/yalinotomotiv.com\/wp-content\/uploads\/2016\/05\/vizyon-540x270.jpg 540w, https:\/\/yalinotomotiv.com\/wp-content\/uploads\/2016\/05\/vizyon.jpg 840w\" sizes=\"(max-width: 300px) 100vw, 300px\" \/><\/a><\/h4>\n<h4>\u00a0<\/h4>\n<h4>\u00a0<\/h4>\n<h4>\u00a0<\/h4>\n<h4>\u00a0<\/h4>\n<h4>Our Vision<\/h4>\n<p>In the automotive sector and\u00a0 with our expertise area, as a company that aim the highest level of partnership satisfaction; being the support with\u00a0 new technologies\u00a0 for smooth goods production, design and delivery and preserve\u00a0 in the competitive position ; mainly Turkey,\u00a0 our products and services are to offer to the world market\u00a0.<\/p>\n<\/div>\n<\/div><\/div><\/div><div id=\"pgc-1150-0-2\"  class=\"panel-grid-cell\" ><div id=\"panel-1150-0-2-0\" class=\"so-panel widget widget_sow-editor panel-first-child panel-last-child\" data-index=\"2\" ><div class=\"so-widget-sow-editor so-widget-sow-editor-base\">\n<div class=\"siteorigin-widget-tinymce textwidget\">\n\t<h4><a href=\"http:\/\/yalinotomotiv.com\/wp-content\/uploads\/2016\/05\/misyon.jpg\"><img decoding=\"async\" loading=\"lazy\" class=\"size-medium wp-image-1250 alignleft\" src=\"http:\/\/yalinotomotiv.com\/wp-content\/uploads\/2016\/05\/misyon-300x150.jpg\" alt=\"yal\u0131n otomotiv\" width=\"300\" height=\"150\" \/><\/a><\/h4>\n<h4>\u00a0<\/h4>\n<h4>\u00a0<\/h4>\n<h4>\u00a0<\/h4>\n<h4>\u00a0<\/h4>\n<h4>Our Mission<\/h4>\n<p>Yal\u0131n Oto Yan San. Tic. Ltd. \u015eti. in the automotive sector;<\/p>\n<ul>\n<li>Working with the principle of customer orientation,<\/li>\n<li>Keep the Customer Complaints and satisfaction at the highest level,<\/li>\n<li>70-80 % of the profit will turn in to invesment budget and it will used to develop technology and process development to continuous improvement.<\/li>\n<li>The company which is completely dominant to the requirements of the industry and the sector.<\/li>\n<li>Knows the expectations of the business partnership and identify new prospects, a company that targets the highest level of their satisfaction.<\/li>\n<li>Taking advantage of the latest technology with human creative power .<\/li>\n<li>Adopted the principle of continuous improvement , giving an efficient and profitable service sector in the related field the company that is aiming to grow.<\/li>\n<\/ul>\n<\/div>\n<\/div><\/div><\/div><\/div><div id=\"pg-1150-1\"  class=\"panel-grid panel-no-style\" ><div id=\"pgc-1150-1-0\"  class=\"panel-grid-cell\" ><div id=\"panel-1150-1-0-0\" class=\"so-panel widget widget_sow-image panel-first-child panel-last-child\" data-index=\"3\" ><div class=\"so-widget-sow-image so-widget-sow-image-default-d9fa1d607b92\">\r\n\r\n<div class=\"sow-image-container\">\r\n\t<img src=\"https:\/\/yalinotomotiv.com\/wp-content\/uploads\/2016\/05\/hakkimizda.jpg\" width=\"840\" height=\"300\" srcset=\"https:\/\/yalinotomotiv.com\/wp-content\/uploads\/2016\/05\/hakkimizda.jpg 840w, https:\/\/yalinotomotiv.com\/wp-content\/uploads\/2016\/05\/hakkimizda-300x107.jpg 300w, https:\/\/yalinotomotiv.com\/wp-content\/uploads\/2016\/05\/hakkimizda-768x274.jpg 768w, https:\/\/yalinotomotiv.com\/wp-content\/uploads\/2016\/05\/hakkimizda-540x193.jpg 540w\" sizes=\"(max-width: 840px) 100vw, 840px\" alt=\"yalin otomotiv hakk\u0131nda\" \t\tclass=\"so-widget-image\"\/>\r\n<\/div>\r\n\r\n<\/div><\/div><\/div><\/div><div id=\"pg-1150-2\"  class=\"panel-grid panel-no-style\" ><div id=\"pgc-1150-2-0\"  class=\"panel-grid-cell panel-grid-cell-empty\" ><\/div><\/div><\/div>","protected":false},"excerpt":{"rendered":"<p>YALIN OTO YAN SAN. T\u0130C. LTD. \u015eT\u0130., providing support to primarily the automotive industry, and other industries with concept of expert technical staff and understanding of superior quality, continuous, and as an institution that aims to provide quality service since 2007. Our company is mostly manufacturing of automotive supply industry. Works with all of the &hellip;<\/p>\n","protected":false},"author":1,"featured_media":0,"parent":0,"menu_order":0,"comment_status":"closed","ping_status":"closed","template":"","meta":[],"acf":[],"_links":{"self":[{"href":"https:\/\/yalinotomotiv.com\/en\/wp-json\/wp\/v2\/pages\/1150"}],"collection":[{"href":"https:\/\/yalinotomotiv.com\/en\/wp-json\/wp\/v2\/pages"}],"about":[{"href":"https:\/\/yalinotomotiv.com\/en\/wp-json\/wp\/v2\/types\/page"}],"author":[{"embeddable":true,"href":"https:\/\/yalinotomotiv.com\/en\/wp-json\/wp\/v2\/users\/1"}],"replies":[{"embeddable":true,"href":"https:\/\/yalinotomotiv.com\/en\/wp-json\/wp\/v2\/comments?post=1150"}],"version-history":[{"count":12,"href":"https:\/\/yalinotomotiv.com\/en\/wp-json\/wp\/v2\/pages\/1150\/revisions"}],"predecessor-version":[{"id":1503,"href":"https:\/\/yalinotomotiv.com\/en\/wp-json\/wp\/v2\/pages\/1150\/revisions\/1503"}],"wp:attachment":[{"href":"https:\/\/yalinotomotiv.com\/en\/wp-json\/wp\/v2\/media?parent=1150"}],"curies":[{"name":"wp","href":"https:\/\/api.w.org\/{rel}","templated":true}]}}